{"id":8,"date":"2025-11-14T22:59:32","date_gmt":"2025-11-14T22:59:32","guid":{"rendered":"https:\/\/mogadormemoirs.com\/?page_id=8"},"modified":"2026-03-31T22:11:18","modified_gmt":"2026-03-31T22:11:18","slug":"memoirs-of-a-french-courtesan","status":"publish","type":"page","link":"https:\/\/mogadormemoirs.com\/","title":{"rendered":"The Complete Series"},"content":{"rendered":"\n<div class=\"wp-block-group alignfull is-style-default has-global-padding is-content-justification-center is-layout-constrained wp-block-group-is-layout-constrained\" style=\"margin-top:0;margin-bottom:0;padding-top:var(--wp--preset--spacing--50);padding-bottom:var(--wp--preset--spacing--50)\">\n<div class=\"wp-block-columns alignwide is-style-section-1 is-layout-flex wp-container-core-columns-is-layout-7ee84d44 wp-block-columns-is-layout-flex is-style-section-1--1\">\n<div class=\"wp-block-column is-vertically-aligned-center is-layout-flow wp-block-column-is-layout-flow\" style=\"flex-basis:50%\">\n<figure class=\"wp-block-image size-full\"><img loading=\"lazy\" decoding=\"async\" width=\"1500\" height=\"2400\" src=\"https:\/\/mogadormemoirs.com\/wp-content\/uploads\/2025\/11\/CelesteMogador_Vol1_FinalCover_highres.jpg\" alt=\"\" class=\"wp-image-20\" style=\"aspect-ratio:3\/4;object-fit:contain\" srcset=\"https:\/\/mogadormemoirs.com\/wp-content\/uploads\/2025\/11\/CelesteMogador_Vol1_FinalCover_highres.jpg 1500w, https:\/\/mogadormemoirs.com\/wp-content\/uploads\/2025\/11\/CelesteMogador_Vol1_FinalCover_highres-188x300.jpg 188w, https:\/\/mogadormemoirs.com\/wp-content\/uploads\/2025\/11\/CelesteMogador_Vol1_FinalCover_highres-640x1024.jpg 640w, https:\/\/mogadormemoirs.com\/wp-content\/uploads\/2025\/11\/CelesteMogador_Vol1_FinalCover_highres-768x1229.jpg 768w, https:\/\/mogadormemoirs.com\/wp-content\/uploads\/2025\/11\/CelesteMogador_Vol1_FinalCover_highres-960x1536.jpg 960w, https:\/\/mogadormemoirs.com\/wp-content\/uploads\/2025\/11\/CelesteMogador_Vol1_FinalCover_highres-1280x2048.jpg 1280w\" sizes=\"auto, (max-width: 1500px) 100vw, 1500px\" \/><\/figure>\n<\/div>\n\n\n\n<div class=\"wp-block-column is-vertically-aligned-center is-layout-flow wp-block-column-is-layout-flow\" style=\"flex-basis:50%\">\n<h2 class=\"wp-block-heading has-accent-4-color has-text-color has-link-color wp-elements-92cca691ff43d3c23bdeeaeb6d69e669\">Volume 1: Rebellion<\/h2>\n\n\n\n<blockquote class=\"wp-block-quote is-layout-flow wp-block-quote-is-layout-flow\">\n<p class=\"has-medium-font-size\">When I wrote these memoirs in 1852, I was ignorant of<br>the future awaiting me; who could have known? It was not my<br>willful brazenness that dictated I write these memoirs; it was not<br>for provocation or moral outrage, as some of those who were<br>quick to take offense said. Before you sentence the guilty, at<br>least listen through to the end of the story.<\/p>\n<\/blockquote>\n\n\n\n<p class=\"has-medium-font-size\">So begins the memoirs of C\u00e9leste Mogador. The four volumes of<br>the infamous courtesan and Hippodrome performer, M\u00e9moires<br>de C\u00e9leste Mogador, were published to scandalous acclaim in<br>Paris in 1858. At the urging of her lawyer, Mogador wrote<br>about her troubled childhood, her ascent to the heights of<br>the glamorous Parisian courtesan society, her transition to<br>respectable life, and falling in love with a nobleman.<\/p>\n\n\n\n<p class=\"has-medium-font-size\">In this new English translation, Memoirs of a French Courtesan<br>Volume 1: Rebellion introduces the young C\u00e9leste. In her first<br>sixteen years, she has plenty to rebel against: an abusive<br>stepfather, her mother\u2019s groping new boyfriend, her jailers, her<br>first madame, and her first client. Not to mention the actual<br>rebellion that engulfed the streets of Lyon in flames when she<br>was a child.<\/p>\n\n\n\n<p class=\"has-medium-font-size\">Mogador lays out her childhood and her choices\u2014<br>or lack of them\u2014in this first volume of her memoirs,<br>setting the stage for the glittering life to come.<\/p>\n\n\n\n<div class=\"wp-block-buttons is-layout-flex wp-block-buttons-is-layout-flex\">\n<div class=\"wp-block-button\"><a class=\"wp-block-button__link wp-element-button\" href=\"https:\/\/bookshop.org\/p\/books\/memoirs-of-a-french-courtesan-volume-1-rebellion-celeste-mogador\/a7bb5bc916cfb823?ean=9781732060371\">Bookshop.org<\/a><\/div>\n\n\n\n<div class=\"wp-block-button\"><a class=\"wp-block-button__link wp-element-button\" href=\"https:\/\/www.powells.com\/book\/memoirs-of-a-french-courtesan-volume-01-rebellion-9781732060371?condition=New\">Powell&#8217;s<\/a><\/div>\n\n\n\n<div class=\"wp-block-button\"><a class=\"wp-block-button__link wp-element-button\" href=\"https:\/\/www.betterworldbooks.com\/product\/detail\/memoirs-of-a-french-courtesan-volume-1-rebellion-9781732060371\/new\">Better World Books<\/a><\/div>\n<\/div>\n<\/div>\n<\/div>\n\n\n\n<div class=\"wp-block-group is-nowrap is-layout-flex wp-container-core-group-is-layout-6c531013 wp-block-group-is-layout-flex\">\n<div class=\"wp-block-group alignwide has-global-padding is-layout-constrained wp-block-group-is-layout-constrained\">\n<div class=\"wp-block-group alignwide has-global-padding is-layout-constrained wp-block-group-is-layout-constrained\"><\/div>\n<\/div>\n<\/div>\n\n\n\n<div class=\"wp-block-columns alignwide is-style-section-1 is-layout-flex wp-container-core-columns-is-layout-7ee84d44 wp-block-columns-is-layout-flex is-style-section-1--2\">\n<div class=\"wp-block-column is-vertically-aligned-center is-layout-flow wp-block-column-is-layout-flow\" style=\"flex-basis:50%\">\n<figure class=\"wp-block-image size-full\"><img loading=\"lazy\" decoding=\"async\" width=\"1500\" height=\"2400\" src=\"https:\/\/mogadormemoirs.com\/wp-content\/uploads\/2025\/11\/CelesteMogadorMemoir_VOL2_FinalCover_highres.jpg\" alt=\"\" class=\"wp-image-21\" style=\"aspect-ratio:3\/4;object-fit:contain\" srcset=\"https:\/\/mogadormemoirs.com\/wp-content\/uploads\/2025\/11\/CelesteMogadorMemoir_VOL2_FinalCover_highres.jpg 1500w, https:\/\/mogadormemoirs.com\/wp-content\/uploads\/2025\/11\/CelesteMogadorMemoir_VOL2_FinalCover_highres-188x300.jpg 188w, https:\/\/mogadormemoirs.com\/wp-content\/uploads\/2025\/11\/CelesteMogadorMemoir_VOL2_FinalCover_highres-640x1024.jpg 640w, https:\/\/mogadormemoirs.com\/wp-content\/uploads\/2025\/11\/CelesteMogadorMemoir_VOL2_FinalCover_highres-768x1229.jpg 768w, https:\/\/mogadormemoirs.com\/wp-content\/uploads\/2025\/11\/CelesteMogadorMemoir_VOL2_FinalCover_highres-960x1536.jpg 960w, https:\/\/mogadormemoirs.com\/wp-content\/uploads\/2025\/11\/CelesteMogadorMemoir_VOL2_FinalCover_highres-1280x2048.jpg 1280w\" sizes=\"auto, (max-width: 1500px) 100vw, 1500px\" \/><\/figure>\n<\/div>\n\n\n\n<div class=\"wp-block-column is-vertically-aligned-center is-layout-flow wp-block-column-is-layout-flow\" style=\"flex-basis:50%\">\n<h2 class=\"wp-block-heading has-accent-4-color has-text-color has-link-color wp-elements-1c425729fb162140dcc3b9bec06583a7\">Volume 2: Spectacle<\/h2>\n\n\n\n<blockquote class=\"wp-block-quote is-layout-flow wp-block-quote-is-layout-flow\">\n<p class=\"has-medium-font-size\">\u201cIt would be easier for me to defend the city of Mogador than<br>my dance partner!\u201d Brididi said, pulling me away by my arm.<br>\u201cWait,\u201d he said loudly, \u201cI\u2019ll call you Mogador!\u201d<\/p>\n<\/blockquote>\n\n\n\n<p class=\"has-medium-font-size\">What happened is silly but true, and it wasn\u2019t so long ago, yet<br>people don\u2019t remember it. A hundred voices shouted, \u201cLong live<br>Mogador!\u201d They threw dozens of flowers into the circle where I<br>was dancing.<\/p>\n\n\n\n<p class=\"has-medium-font-size\">In this new English translation, Memoirs of a French Courtesan<br>Volume 2: Spectacle follows C\u00e9leste Mogador through young<br>adulthood as she makes her own way in the Parisian demimonde<br>alongside friends, lovers, and bitter enemies. As a young woman,<br>C\u00e9leste learns to dance at the local balls and earns her sobriquet,<br>Mogador. Her rivalry with another dancer graces the gossip<br>pages, garnering her a fandom that carries her to even greater<br>fame as a trick rider in the new Hippodrome.<\/p>\n\n\n\n<p class=\"has-medium-font-size\">But tragedy and death still cling to C\u00e9leste, and her affections<br>are taken up and betrayed time and again. Not to mention that<br>she\u2019s still on the rolls as a courtesan, which limits her freedom.<br>She emerges through it all with a new love and a new future on<br>the horizon\u2014though like all that shimmers, it might be too good<br>to be true.<\/p>\n\n\n\n<p class=\"has-medium-font-size\"><\/p>\n\n\n\n<div class=\"wp-block-buttons is-layout-flex wp-block-buttons-is-layout-flex\">\n<div class=\"wp-block-button\"><a class=\"wp-block-button__link wp-element-button\" href=\"https:\/\/bookshop.org\/p\/books\/memoirs-of-a-french-courtesan-volume-2-spectacle-celeste-mogador\/26ce65eaf3461187?ean=9798990303409\">Bookshop.org<\/a><\/div>\n\n\n\n<div class=\"wp-block-button\"><a class=\"wp-block-button__link wp-element-button\" href=\"https:\/\/www.powells.com\/book\/memoirs-of-a-french-courtesan-volume-02-spectacle-9798990303409?condition=New\">Powell&#8217;s<\/a><\/div>\n\n\n\n<div class=\"wp-block-button\"><a class=\"wp-block-button__link wp-element-button\" href=\"https:\/\/www.betterworldbooks.com\/product\/detail\/memoirs-of-a-french-courtesan-volume-2-spectacle-9798990303409\/new\">Better World Books<\/a><\/div>\n<\/div>\n<\/div>\n<\/div>\n\n\n\n<div class=\"wp-block-columns alignwide is-style-section-1 is-layout-flex wp-container-core-columns-is-layout-7ee84d44 wp-block-columns-is-layout-flex is-style-section-1--3\">\n<div class=\"wp-block-column is-vertically-aligned-center is-layout-flow wp-block-column-is-layout-flow\" style=\"flex-basis:50%\">\n<figure class=\"wp-block-image size-full\"><img loading=\"lazy\" decoding=\"async\" width=\"1500\" height=\"2400\" src=\"https:\/\/mogadormemoirs.com\/wp-content\/uploads\/2025\/11\/CelesteMogadorMemoir_VOL3_Cover_Final_highres.jpg\" alt=\"\" class=\"wp-image-22\" style=\"aspect-ratio:3\/4;object-fit:contain\" srcset=\"https:\/\/mogadormemoirs.com\/wp-content\/uploads\/2025\/11\/CelesteMogadorMemoir_VOL3_Cover_Final_highres.jpg 1500w, https:\/\/mogadormemoirs.com\/wp-content\/uploads\/2025\/11\/CelesteMogadorMemoir_VOL3_Cover_Final_highres-188x300.jpg 188w, https:\/\/mogadormemoirs.com\/wp-content\/uploads\/2025\/11\/CelesteMogadorMemoir_VOL3_Cover_Final_highres-640x1024.jpg 640w, https:\/\/mogadormemoirs.com\/wp-content\/uploads\/2025\/11\/CelesteMogadorMemoir_VOL3_Cover_Final_highres-768x1229.jpg 768w, https:\/\/mogadormemoirs.com\/wp-content\/uploads\/2025\/11\/CelesteMogadorMemoir_VOL3_Cover_Final_highres-960x1536.jpg 960w, https:\/\/mogadormemoirs.com\/wp-content\/uploads\/2025\/11\/CelesteMogadorMemoir_VOL3_Cover_Final_highres-1280x2048.jpg 1280w\" sizes=\"auto, (max-width: 1500px) 100vw, 1500px\" \/><\/figure>\n<\/div>\n\n\n\n<div class=\"wp-block-column is-vertically-aligned-center is-layout-flow wp-block-column-is-layout-flow\" style=\"flex-basis:50%\">\n<h2 class=\"wp-block-heading has-accent-4-color has-text-color has-link-color wp-elements-d06cb831674ef229238b10096dbd38dc\">Volume 3: Luck<\/h2>\n\n\n\n<blockquote class=\"wp-block-quote is-layout-flow wp-block-quote-is-layout-flow\">\n<p class=\"has-medium-font-size\">\u201cListen, C\u00e9leste, I love you very much, but I\u2019m not rich enough<br>to keep you along with all these responsibilities. If you want, my<br>chateau is unoccupied. Bring your furniture; you won\u2019t have to<br>pay rent. We\u2019ll live happily at my place, and I\u2019ll make the<br>necessary changes. If someday we break up and I marry, I will<br>pay back what I owe you.\u201d That was one of the best days of my life\u2026.<\/p>\n<\/blockquote>\n\n\n\n<p class=\"has-medium-font-size\">In Memoirs of a French Courtesan Volume 3: Luck, C\u00e9leste<br>Mogador is torn between her love for the volatile Robert and<br>the steady Richard, she cares for an infant goddaughter, and<br>through it all she works in the theater and attends glittering balls.<br>She also takes up gambling\u2014on roulette and Robert\u2019s faltering<br>fortune\u2014while a revolution sparks and a cholera epidemic erupts.<\/p>\n\n\n\n<p class=\"has-medium-font-size\">Where will her luck leave her when the house of cards<br>that is her life collapses?<\/p>\n\n\n\n<div class=\"wp-block-buttons is-layout-flex wp-block-buttons-is-layout-flex\">\n<div class=\"wp-block-button\"><a class=\"wp-block-button__link wp-element-button\" href=\"https:\/\/bookshop.org\/p\/books\/memoirs-of-a-french-courtesan-volume-3-luck-celeste-mogador\/17ebff968b119585?ean=9798990303423\">Bookshop.org<\/a><\/div>\n\n\n\n<div class=\"wp-block-button\"><a class=\"wp-block-button__link wp-element-button\" href=\"https:\/\/www.powells.com\/book\/memoirs-of-a-french-courtesan-volume-02-spectacle-9798990303409?condition=New\">Powell&#8217;s<\/a><\/div>\n<\/div>\n\n\n\n<p class=\"has-medium-font-size\"><\/p>\n<\/div>\n<\/div>\n\n\n\n<div class=\"wp-block-columns alignwide is-style-section-1 is-layout-flex wp-container-core-columns-is-layout-7ee84d44 wp-block-columns-is-layout-flex is-style-section-1--4\">\n<div class=\"wp-block-column is-vertically-aligned-center is-layout-flow wp-block-column-is-layout-flow\" style=\"flex-basis:50%\">\n<figure class=\"wp-block-image size-full\"><img loading=\"lazy\" decoding=\"async\" width=\"1500\" height=\"2400\" src=\"https:\/\/mogadormemoirs.com\/wp-content\/uploads\/2025\/11\/CelesteMogadorMemoir_VOL4_Cover_Final_highres.jpg\" alt=\"\" class=\"wp-image-23\" style=\"aspect-ratio:3\/4;object-fit:contain\" srcset=\"https:\/\/mogadormemoirs.com\/wp-content\/uploads\/2025\/11\/CelesteMogadorMemoir_VOL4_Cover_Final_highres.jpg 1500w, https:\/\/mogadormemoirs.com\/wp-content\/uploads\/2025\/11\/CelesteMogadorMemoir_VOL4_Cover_Final_highres-188x300.jpg 188w, https:\/\/mogadormemoirs.com\/wp-content\/uploads\/2025\/11\/CelesteMogadorMemoir_VOL4_Cover_Final_highres-640x1024.jpg 640w, https:\/\/mogadormemoirs.com\/wp-content\/uploads\/2025\/11\/CelesteMogadorMemoir_VOL4_Cover_Final_highres-768x1229.jpg 768w, https:\/\/mogadormemoirs.com\/wp-content\/uploads\/2025\/11\/CelesteMogadorMemoir_VOL4_Cover_Final_highres-960x1536.jpg 960w, https:\/\/mogadormemoirs.com\/wp-content\/uploads\/2025\/11\/CelesteMogadorMemoir_VOL4_Cover_Final_highres-1280x2048.jpg 1280w\" sizes=\"auto, (max-width: 1500px) 100vw, 1500px\" \/><\/figure>\n<\/div>\n\n\n\n<div class=\"wp-block-column is-vertically-aligned-center is-layout-flow wp-block-column-is-layout-flow\" style=\"flex-basis:50%\">\n<h2 class=\"wp-block-heading has-accent-4-color has-text-color has-link-color wp-elements-2791d53c30e38fde5fd2f396a1daa96b\">Volume 4: Payback<\/h2>\n\n\n\n<blockquote class=\"wp-block-quote is-layout-flow wp-block-quote-is-layout-flow\">\n<p class=\"has-medium-font-size\">&#8220;I had to try or die. That may be the only advantage I had over Robert right then. Since my fall wasn\u2019t as far as his, my ruin was not as devastating. He was obliged to head for the ends of the earth. But I could stay and try to recover my money from my enemies in court.&#8221;<\/p>\n<\/blockquote>\n\n\n\n<p class=\"has-medium-font-size\">There is never a dull moment in C\u00e9leste Mogador&#8217;s life, not even in this final volume of her memoirs. Her lover, Robert, is disgraced and disowned and on his way to the mines in Australia. She throws herself into her work at the theater to cope while at the same time battling Robert&#8217;s family to recoup the money he took from her. Ghosts from her past reappear. And during it all, she&#8217;s raising her goddaughter to be a respectable woman.<\/p>\n\n\n\n<div class=\"wp-block-buttons is-layout-flex wp-block-buttons-is-layout-flex\">\n<div class=\"wp-block-button\"><a class=\"wp-block-button__link wp-element-button\" href=\"https:\/\/bookshop.org\/p\/books\/memoirs-of-a-french-courtesan-volume-4-payback-celeste-mogador\/94440a764e9d4f23?ean=9798990303447&amp;next=t\">Bookshop.org<\/a><\/div>\n\n\n\n<div class=\"wp-block-button\"><a class=\"wp-block-button__link wp-element-button\" href=\"https:\/\/www.powells.com\/book\/memoirs-of-a-french-courtesan-volume-4-payback-9798990303447?condition=New\">Powell&#8217;s<\/a><\/div>\n\n\n\n<div class=\"wp-block-button\"><a class=\"wp-block-button__link wp-element-button\" href=\"https:\/\/www.betterworldbooks.com\/product\/detail\/memoirs-of-a-french-courtesan-volume-4-payback-9798990303447\/new\">Better World Books<\/a><\/div>\n<\/div>\n<\/div>\n<\/div>\n<\/div>\n\n\n\n<div class=\"wp-block-group alignfull has-global-padding is-layout-constrained wp-block-group-is-layout-constrained\" style=\"margin-top:0;margin-bottom:0\">\n<div class=\"wp-block-group alignwide is-layout-grid wp-container-core-group-is-layout-5fdb10e5 wp-block-group-is-layout-grid\" style=\"padding-top:var(--wp--preset--spacing--50);padding-bottom:var(--wp--preset--spacing--50)\">\n<div class=\"wp-block-group is-vertical is-content-justification-stretch is-nowrap is-layout-flex wp-container-core-group-is-layout-627337ab wp-block-group-is-layout-flex\">\n<div class=\"wp-block-group is-vertical is-content-justification-left is-layout-flex wp-container-core-group-is-layout-dd225191 wp-block-group-is-layout-flex\">\n<h2 class=\"wp-block-heading is-style-text-annotation is-style-text-annotation--5\">About the Translator<\/h2>\n\n\n\n<p class=\"is-style-text-subtitle is-style-text-subtitle--6\">Kristen Hall-Geisler is author of the novel<br><em>Skull and Sidecar<\/em> and translator of <em>Voyage<br>Around My Room<\/em> by Xavier de Maistre. Her<br>work has appeared in the <em>New York Times<\/em>,<br><em>US News &amp; World Report<\/em>, <em>Pittsburgh Review of Books<\/em>, and others. After 20 years as a freelance book editor, she earned her master&#8217;s degree in English language and literature from Harvard University.<\/p>\n\n\n\n<p class=\"is-style-text-subtitle is-style-text-subtitle--7\">webpage: <a href=\"http:\/\/www.kristenhallgeisler.com\">www.kristenhallgeisler.com<\/a><\/p>\n<\/div>\n<\/div>\n\n\n\n<figure class=\"wp-block-image size-full\"><a href=\"http:\/\/www.kristenhallgeisler.com\"><img loading=\"lazy\" decoding=\"async\" width=\"2048\" height=\"2560\" src=\"https:\/\/mogadormemoirs.com\/wp-content\/uploads\/2025\/11\/Femme-Libre-Summer23-scaled.jpg\" alt=\"\" class=\"wp-image-13\" style=\"aspect-ratio:1;object-fit:cover\" srcset=\"https:\/\/mogadormemoirs.com\/wp-content\/uploads\/2025\/11\/Femme-Libre-Summer23-scaled.jpg 2048w, https:\/\/mogadormemoirs.com\/wp-content\/uploads\/2025\/11\/Femme-Libre-Summer23-240x300.jpg 240w, https:\/\/mogadormemoirs.com\/wp-content\/uploads\/2025\/11\/Femme-Libre-Summer23-819x1024.jpg 819w, https:\/\/mogadormemoirs.com\/wp-content\/uploads\/2025\/11\/Femme-Libre-Summer23-768x960.jpg 768w, https:\/\/mogadormemoirs.com\/wp-content\/uploads\/2025\/11\/Femme-Libre-Summer23-1229x1536.jpg 1229w, https:\/\/mogadormemoirs.com\/wp-content\/uploads\/2025\/11\/Femme-Libre-Summer23-1638x2048.jpg 1638w\" sizes=\"auto, (max-width: 2048px) 100vw, 2048px\" \/><\/a><\/figure>\n\n\n\n<p><\/p>\n<\/div>\n<\/div>\n\n\n\n<p><\/p>\n","protected":false},"excerpt":{"rendered":"<p>Volume 1: Rebellion When I wrote these memoirs in 1852, I was ignorant ofthe future awaiting me; who could have known? It was not mywillful brazenness that dictated I write these memoirs; it was notfor provocation or moral outrage, as some of those who werequick to take offense said. Before you sentence the guilty, atleast [&hellip;]<\/p>\n","protected":false},"author":1,"featured_media":0,"parent":0,"menu_order":0,"comment_status":"closed","ping_status":"closed","template":"","meta":{"footnotes":""},"class_list":["post-8","page","type-page","status-publish","hentry"],"_links":{"self":[{"href":"https:\/\/mogadormemoirs.com\/index.php\/wp-json\/wp\/v2\/pages\/8","targetHints":{"allow":["GET"]}}],"collection":[{"href":"https:\/\/mogadormemoirs.com\/index.php\/wp-json\/wp\/v2\/pages"}],"about":[{"href":"https:\/\/mogadormemoirs.com\/index.php\/wp-json\/wp\/v2\/types\/page"}],"author":[{"embeddable":true,"href":"https:\/\/mogadormemoirs.com\/index.php\/wp-json\/wp\/v2\/users\/1"}],"replies":[{"embeddable":true,"href":"https:\/\/mogadormemoirs.com\/index.php\/wp-json\/wp\/v2\/comments?post=8"}],"version-history":[{"count":16,"href":"https:\/\/mogadormemoirs.com\/index.php\/wp-json\/wp\/v2\/pages\/8\/revisions"}],"predecessor-version":[{"id":42,"href":"https:\/\/mogadormemoirs.com\/index.php\/wp-json\/wp\/v2\/pages\/8\/revisions\/42"}],"wp:attachment":[{"href":"https:\/\/mogadormemoirs.com\/index.php\/wp-json\/wp\/v2\/media?parent=8"}],"curies":[{"name":"wp","href":"https:\/\/api.w.org\/{rel}","templated":true}]}}